{"id":15,"date":"2025-08-06T14:39:42","date_gmt":"2025-08-06T14:39:42","guid":{"rendered":"https:\/\/www.lafauconneriedeloise.fr\/?page_id=15"},"modified":"2025-08-20T16:34:34","modified_gmt":"2025-08-20T16:34:34","slug":"la-fauconnerie-de-loise","status":"publish","type":"page","link":"https:\/\/www.lafauconneriedeloise.fr\/","title":{"rendered":""},"content":{"rendered":"\t\t<div data-elementor-type=\"wp-page\" data-elementor-id=\"15\" class=\"elementor elementor-15\">\n\t\t\t\t<div class=\"elementor-element elementor-element-57d6a4c e-flex e-con-boxed e-con e-parent\" data-id=\"57d6a4c\" data-element_type=\"container\">\n\t\t\t\t\t<div class=\"e-con-inner\">\n\t\t\t\t<div class=\"elementor-element elementor-element-ff520f7 elementor-widget elementor-widget-heading\" data-id=\"ff520f7\" data-element_type=\"widget\" data-widget_type=\"heading.default\">\n\t\t\t\t\t<h2 class=\"elementor-heading-title elementor-size-default\">La Fauconnerie de L'Oise<\/h2>\t\t\t\t<\/div>\n\t\t\t\t\t<\/div>\n\t\t\t\t<\/div>\n\t\t<div class=\"elementor-element elementor-element-79a0fce e-flex e-con-boxed e-con e-parent\" data-id=\"79a0fce\" data-element_type=\"container\">\n\t\t\t\t\t<div class=\"e-con-inner\">\n\t\t\t\t<div class=\"elementor-element elementor-element-edc179e elementor-widget elementor-widget-spacer\" data-id=\"edc179e\" data-element_type=\"widget\" data-widget_type=\"spacer.default\">\n\t\t\t\t\t\t\t<div class=\"elementor-spacer\">\n\t\t\t<div class=\"elementor-spacer-inner\"><\/div>\n\t\t<\/div>\n\t\t\t\t\t\t<\/div>\n\t\t\t\t\t<\/div>\n\t\t\t\t<\/div>\n\t\t<div class=\"elementor-element elementor-element-9ba7eb0 e-flex e-con-boxed e-con e-parent\" data-id=\"9ba7eb0\" data-element_type=\"container\">\n\t\t\t\t\t<div class=\"e-con-inner\">\n\t\t\t\t<div class=\"elementor-element elementor-element-71c1345 elementor-widget elementor-widget-image\" data-id=\"71c1345\" data-element_type=\"widget\" data-widget_type=\"image.default\">\n\t\t\t\t\t\t\t\t\t\t\t\t\t\t\t<img fetchpriority=\"high\" decoding=\"async\" width=\"1024\" height=\"509\" src=\"https:\/\/www.lafauconneriedeloise.fr\/wp-content\/uploads\/2025\/08\/56870070_408579723208762_7620419864653463552_n-Copie-1024x509.jpg\" class=\"attachment-large size-large wp-image-18\" alt=\"\" srcset=\"https:\/\/www.lafauconneriedeloise.fr\/wp-content\/uploads\/2025\/08\/56870070_408579723208762_7620419864653463552_n-Copie-1024x509.jpg 1024w, https:\/\/www.lafauconneriedeloise.fr\/wp-content\/uploads\/2025\/08\/56870070_408579723208762_7620419864653463552_n-Copie-300x149.jpg 300w, https:\/\/www.lafauconneriedeloise.fr\/wp-content\/uploads\/2025\/08\/56870070_408579723208762_7620419864653463552_n-Copie-768x382.jpg 768w, https:\/\/www.lafauconneriedeloise.fr\/wp-content\/uploads\/2025\/08\/56870070_408579723208762_7620419864653463552_n-Copie-1536x764.jpg 1536w, https:\/\/www.lafauconneriedeloise.fr\/wp-content\/uploads\/2025\/08\/56870070_408579723208762_7620419864653463552_n-Copie-2048x1018.jpg 2048w\" sizes=\"(max-width: 1024px) 100vw, 1024px\" \/>\t\t\t\t\t\t\t\t\t\t\t\t\t\t\t<\/div>\n\t\t\t\t\t<\/div>\n\t\t\t\t<\/div>\n\t\t<div class=\"elementor-element elementor-element-2477856 e-flex e-con-boxed e-con e-parent\" data-id=\"2477856\" data-element_type=\"container\">\n\t\t\t\t\t<div class=\"e-con-inner\">\n\t\t\t\t<div class=\"elementor-element elementor-element-7a174cd elementor-widget elementor-widget-text-editor\" data-id=\"7a174cd\" data-element_type=\"widget\" data-widget_type=\"text-editor.default\">\n\t\t\t\t\t\t\t\t\t<div class=\"wp-block-group alignfull\">\n<div class=\"wp-block-group\">\n<p><strong>Une solution naturelle au service de l\u2019\u00e9quilibre<\/strong><\/p>\n<\/div>\n<div class=\"wp-block-group\"><br \/>Depuis 2018, La Fauconnerie de l\u2019Oise est la premi\u00e8re association de fauconnerie fond\u00e9e dans le d\u00e9partement. Elle rassemble un groupe de passionn\u00e9s venus d\u2019horizons vari\u00e9s ( \u00e9levage, spectacle, nature) unis par la m\u00eame vocation : mettre le savoir-faire ancestral de la fauconnerie au service de la biodiversit\u00e9 et des enjeux modernes.<br \/><br \/>Nous proposons notamment des prestations d\u2019effarouchement : une m\u00e9thode \u00e9cologique, naturelle et efficace pour \u00e9loigner les oiseaux ind\u00e9sirables dans le respect de l\u2019environnement. H\u00e9rit\u00e9e d&rsquo;un art de vivre reconnu comme patrimoine fran\u00e7ais, la fauconnerie repr\u00e9sente une alternative durable aux moyens m\u00e9caniques ou chimiques, adapt\u00e9e aussi bien aux sites urbains qu\u2019aux zones agricoles, industrielles ou sensibles.<\/div>\n<div class=\"wp-block-group\"><br \/><br \/><strong>Vous souhaitez en savoir plus sur nos actions ou nos oiseaux ?<\/strong><\/div>\n<div class=\"wp-block-group\"><br \/>\ud83d\udce9 Contactez-nous pour toute demande d\u2019information ou de collaboration au<strong> 06.01.83.92.21<\/strong><\/div>\n<div>\u00a0<\/div>\n<div class=\"wp-block-group\">ou par mail \u00e0 : <a href=\"mailto:fauconneriedeloise@gmail.com\"><strong><span class=\"x193iq5w xeuugli x13faqbe x1vvkbs x1xmvt09 x1lliihq x1s928wv xhkezso x1gmr53x x1cpjm7i x1fgarty x1943h6x xudqn12 x3x7a5m x6prxxf xvq8zen xo1l8bm xzsf02u x1yc453h\" dir=\"auto\">fauconneriedeloise@gmail.com<\/span><\/strong><\/a><\/div>\n<\/div>\n<div class=\"wp-block-group alignfull has-base-2-background-color has-background\">\n<div class=\"wp-block-columns alignwide\"><!-- \/wp:column --><!-- wp:column {\"style\":{\"spacing\":{\"blockGap\":\"var:preset|spacing|10\"}}} -->\n<div class=\"wp-block-column\"><!-- wp:heading {\"textAlign\":\"left\",\"level\":3,\"className\":\"is-style-asterisk\",\"style\":{\"typography\":{\"fontStyle\":\"normal\",\"fontWeight\":\"600\"}},\"fontSize\":\"medium\",\"fontFamily\":\"body\"} --><\/div>\n<\/div>\n<\/div>\n<div class=\"wp-block-group alignfull\"><!-- \/wp:group --><\/div>\n<p><!-- \/wp:group --><\/p>\t\t\t\t\t\t\t\t<\/div>\n\t\t\t\t\t<\/div>\n\t\t\t\t<\/div>\n\t\t<div class=\"elementor-element elementor-element-29c57193 e-flex e-con-boxed e-con e-parent\" data-id=\"29c57193\" data-element_type=\"container\" data-settings=\"{&quot;background_background&quot;:&quot;classic&quot;}\">\n\t\t\t\t\t<div class=\"e-con-inner\">\n\t\t<div class=\"elementor-element elementor-element-549b79e e-con-full e-flex e-con e-child\" data-id=\"549b79e\" data-element_type=\"container\">\n\t\t\t\t<div class=\"elementor-element elementor-element-4411e5e elementor-widget elementor-widget-image\" data-id=\"4411e5e\" data-element_type=\"widget\" data-widget_type=\"image.default\">\n\t\t\t\t\t\t\t\t\t\t\t\t\t\t\t<img decoding=\"async\" width=\"768\" height=\"1056\" src=\"https:\/\/www.lafauconneriedeloise.fr\/wp-content\/uploads\/2025\/08\/475853323_1751670308899690_8937713224856243423_n-e1754495560404-768x1056.jpg\" class=\"attachment-medium_large size-medium_large wp-image-32\" alt=\"\" srcset=\"https:\/\/www.lafauconneriedeloise.fr\/wp-content\/uploads\/2025\/08\/475853323_1751670308899690_8937713224856243423_n-e1754495560404-768x1056.jpg 768w, https:\/\/www.lafauconneriedeloise.fr\/wp-content\/uploads\/2025\/08\/475853323_1751670308899690_8937713224856243423_n-e1754495560404-218x300.jpg 218w, https:\/\/www.lafauconneriedeloise.fr\/wp-content\/uploads\/2025\/08\/475853323_1751670308899690_8937713224856243423_n-e1754495560404-745x1024.jpg 745w, https:\/\/www.lafauconneriedeloise.fr\/wp-content\/uploads\/2025\/08\/475853323_1751670308899690_8937713224856243423_n-e1754495560404-1117x1536.jpg 1117w, https:\/\/www.lafauconneriedeloise.fr\/wp-content\/uploads\/2025\/08\/475853323_1751670308899690_8937713224856243423_n-e1754495560404.jpg 1152w\" sizes=\"(max-width: 768px) 100vw, 768px\" \/>\t\t\t\t\t\t\t\t\t\t\t\t\t\t\t<\/div>\n\t\t\t\t<\/div>\n\t\t\t\t\t<\/div>\n\t\t\t\t<\/div>\n\t\t<div class=\"elementor-element elementor-element-1ed8f83 e-flex e-con-boxed e-con e-parent\" data-id=\"1ed8f83\" data-element_type=\"container\">\n\t\t\t\t\t<div class=\"e-con-inner\">\n\t\t\t\t<div class=\"elementor-element elementor-element-a20a04e elementor-widget elementor-widget-text-editor\" data-id=\"a20a04e\" data-element_type=\"widget\" data-widget_type=\"text-editor.default\">\n\t\t\t\t\t\t\t\t\t<div class=\"wp-block-spacer\" aria-hidden=\"true\">\u00a0<\/div>\n<p><!-- \/wp:spacer --><!-- wp:columns {\"align\":\"wide\",\"style\":{\"spacing\":{\"blockGap\":{\"top\":\"var:preset|spacing|30\",\"left\":\"var:preset|spacing|40\"}}}} --><\/p>\n<div class=\"wp-block-columns alignwide\"><!-- wp:column {\"style\":{\"spacing\":{\"blockGap\":\"var:preset|spacing|10\"}}} -->\n<div class=\"wp-block-column\"><!-- wp:heading {\"textAlign\":\"left\",\"level\":3,\"className\":\"is-style-asterisk\",\"style\":{\"typography\":{\"fontStyle\":\"normal\",\"fontWeight\":\"600\"}},\"fontSize\":\"medium\",\"fontFamily\":\"body\"} -->\n<p>\ud83e\udd1d <strong>Nos partenaires<\/strong><br \/><br \/>Avec les ann\u00e9es, La Fauconnerie de l\u2019Oise est devenue un acteur reconnu dans son domaine, en collaborant avec de nombreuses institutions :<\/p>\n<ul>\n<li>L\u2019Institut de France, notamment au Ch\u00e2teau de Chantilly et \u00e0 l\u2019Abbaye de Chaalis<\/li>\n<li class=\"has-text-align-left\">Les Monuments Nationaux, dont le Ch\u00e2teau de Pierrefonds et l\u2019Abbaye de Royaumont<\/li>\n<li class=\"has-text-align-left\">Le Conseil D\u00e9partemental de l\u2019Oise, notamment au Parc Jean-Jacques Rousseau<\/li>\n<li class=\"has-text-align-left\">La Pr\u00e9fecture, avec une participation active \u00e0 la CDCFS (Commission D\u00e9partementale de la Chasse et de la Faune Sauvage)<\/li>\n<li class=\"has-text-align-left\">L\u2019A\u00e9roport de Paris-Beauvais<\/li>\n<li class=\"has-text-align-left\">L\u2019Arm\u00e9e de l\u2019air<\/li>\n<li>JO 2024, Foire de Paris (Viparis)<\/li>\n<li class=\"has-text-align-left\">Plusieurs communes locales, dont Ermenonville et Nanteuil-le-Haudouin<\/li>\n<\/ul>\n<\/div>\n<\/div>\t\t\t\t\t\t\t\t<\/div>\n\t\t\t\t<div class=\"elementor-element elementor-element-dd30305 elementor-widget elementor-widget-image\" data-id=\"dd30305\" data-element_type=\"widget\" data-widget_type=\"image.default\">\n\t\t\t\t\t\t\t\t\t\t\t\t\t\t\t<img decoding=\"async\" width=\"944\" height=\"1024\" src=\"https:\/\/www.lafauconneriedeloise.fr\/wp-content\/uploads\/2025\/08\/475974396_1751665812233473_5426833754785698198_n-e1754495617652-944x1024.jpg\" class=\"attachment-large size-large wp-image-34\" alt=\"\" srcset=\"https:\/\/www.lafauconneriedeloise.fr\/wp-content\/uploads\/2025\/08\/475974396_1751665812233473_5426833754785698198_n-e1754495617652-944x1024.jpg 944w, https:\/\/www.lafauconneriedeloise.fr\/wp-content\/uploads\/2025\/08\/475974396_1751665812233473_5426833754785698198_n-e1754495617652-276x300.jpg 276w, https:\/\/www.lafauconneriedeloise.fr\/wp-content\/uploads\/2025\/08\/475974396_1751665812233473_5426833754785698198_n-e1754495617652-768x833.jpg 768w, https:\/\/www.lafauconneriedeloise.fr\/wp-content\/uploads\/2025\/08\/475974396_1751665812233473_5426833754785698198_n-e1754495617652.jpg 1364w\" sizes=\"(max-width: 944px) 100vw, 944px\" \/>\t\t\t\t\t\t\t\t\t\t\t\t\t\t\t<\/div>\n\t\t\t\t\t<\/div>\n\t\t\t\t<\/div>\n\t\t<div class=\"elementor-element elementor-element-cf72913 e-flex e-con-boxed e-con e-parent\" data-id=\"cf72913\" data-element_type=\"container\">\n\t\t\t\t\t<div class=\"e-con-inner\">\n\t\t\t\t<div class=\"elementor-element elementor-element-b837b58 elementor-widget elementor-widget-spacer\" data-id=\"b837b58\" data-element_type=\"widget\" data-widget_type=\"spacer.default\">\n\t\t\t\t\t\t\t<div class=\"elementor-spacer\">\n\t\t\t<div class=\"elementor-spacer-inner\"><\/div>\n\t\t<\/div>\n\t\t\t\t\t\t<\/div>\n\t\t\t\t\t<\/div>\n\t\t\t\t<\/div>\n\t\t<div class=\"elementor-element elementor-element-70d5828 e-flex e-con-boxed e-con e-parent\" data-id=\"70d5828\" data-element_type=\"container\">\n\t\t\t\t\t<div class=\"e-con-inner\">\n\t\t\t\t<div class=\"elementor-element elementor-element-57b14f0 elementor-widget elementor-widget-heading\" data-id=\"57b14f0\" data-element_type=\"widget\" data-widget_type=\"heading.default\">\n\t\t\t\t\t<h2 class=\"elementor-heading-title elementor-size-default\">Rejoignez-nous sur les r\u00e9seaux sociaux<\/h2>\t\t\t\t<\/div>\n\t\t\t\t\t<\/div>\n\t\t\t\t<\/div>\n\t\t<div class=\"elementor-element elementor-element-2855f21 e-flex e-con-boxed e-con e-parent\" data-id=\"2855f21\" data-element_type=\"container\">\n\t\t\t\t\t<div class=\"e-con-inner\">\n\t\t\t\t<div class=\"elementor-element elementor-element-8e82dca elementor-shape-rounded elementor-grid-0 e-grid-align-center elementor-widget elementor-widget-social-icons\" data-id=\"8e82dca\" data-element_type=\"widget\" data-widget_type=\"social-icons.default\">\n\t\t\t\t\t\t\t<div class=\"elementor-social-icons-wrapper elementor-grid\" role=\"list\">\n\t\t\t\t\t\t\t<span class=\"elementor-grid-item\" role=\"listitem\">\n\t\t\t\t\t<a class=\"elementor-icon elementor-social-icon elementor-social-icon-facebook elementor-repeater-item-50c57d9\" href=\"https:\/\/www.facebook.com\/fauconnerieoise?locale=fr_FR\" target=\"_blank\">\n\t\t\t\t\t\t<span class=\"elementor-screen-only\">Facebook<\/span>\n\t\t\t\t\t\t<svg aria-hidden=\"true\" class=\"e-font-icon-svg e-fab-facebook\" viewBox=\"0 0 512 512\" xmlns=\"http:\/\/www.w3.org\/2000\/svg\"><path d=\"M504 256C504 119 393 8 256 8S8 119 8 256c0 123.78 90.69 226.38 209.25 245V327.69h-63V256h63v-54.64c0-62.15 37-96.48 93.67-96.48 27.14 0 55.52 4.84 55.52 4.84v61h-31.28c-30.8 0-40.41 19.12-40.41 38.73V256h68.78l-11 71.69h-57.78V501C413.31 482.38 504 379.78 504 256z\"><\/path><\/svg>\t\t\t\t\t<\/a>\n\t\t\t\t<\/span>\n\t\t\t\t\t\t\t<span class=\"elementor-grid-item\" role=\"listitem\">\n\t\t\t\t\t<a class=\"elementor-icon elementor-social-icon elementor-social-icon-instagram elementor-repeater-item-263d49a\" href=\"https:\/\/www.instagram.com\/fauconnerie_de_loise\/\" target=\"_blank\">\n\t\t\t\t\t\t<span class=\"elementor-screen-only\">Instagram<\/span>\n\t\t\t\t\t\t<svg aria-hidden=\"true\" class=\"e-font-icon-svg e-fab-instagram\" viewBox=\"0 0 448 512\" xmlns=\"http:\/\/www.w3.org\/2000\/svg\"><path d=\"M224.1 141c-63.6 0-114.9 51.3-114.9 114.9s51.3 114.9 114.9 114.9S339 319.5 339 255.9 287.7 141 224.1 141zm0 189.6c-41.1 0-74.7-33.5-74.7-74.7s33.5-74.7 74.7-74.7 74.7 33.5 74.7 74.7-33.6 74.7-74.7 74.7zm146.4-194.3c0 14.9-12 26.8-26.8 26.8-14.9 0-26.8-12-26.8-26.8s12-26.8 26.8-26.8 26.8 12 26.8 26.8zm76.1 27.2c-1.7-35.9-9.9-67.7-36.2-93.9-26.2-26.2-58-34.4-93.9-36.2-37-2.1-147.9-2.1-184.9 0-35.8 1.7-67.6 9.9-93.9 36.1s-34.4 58-36.2 93.9c-2.1 37-2.1 147.9 0 184.9 1.7 35.9 9.9 67.7 36.2 93.9s58 34.4 93.9 36.2c37 2.1 147.9 2.1 184.9 0 35.9-1.7 67.7-9.9 93.9-36.2 26.2-26.2 34.4-58 36.2-93.9 2.1-37 2.1-147.8 0-184.8zM398.8 388c-7.8 19.6-22.9 34.7-42.6 42.6-29.5 11.7-99.5 9-132.1 9s-102.7 2.6-132.1-9c-19.6-7.8-34.7-22.9-42.6-42.6-11.7-29.5-9-99.5-9-132.1s-2.6-102.7 9-132.1c7.8-19.6 22.9-34.7 42.6-42.6 29.5-11.7 99.5-9 132.1-9s102.7-2.6 132.1 9c19.6 7.8 34.7 22.9 42.6 42.6 11.7 29.5 9 99.5 9 132.1s2.7 102.7-9 132.1z\"><\/path><\/svg>\t\t\t\t\t<\/a>\n\t\t\t\t<\/span>\n\t\t\t\t\t<\/div>\n\t\t\t\t\t\t<\/div>\n\t\t\t\t<div class=\"elementor-element elementor-element-e530400 elementor-widget elementor-widget-spacer\" data-id=\"e530400\" data-element_type=\"widget\" data-widget_type=\"spacer.default\">\n\t\t\t\t\t\t\t<div class=\"elementor-spacer\">\n\t\t\t<div class=\"elementor-spacer-inner\"><\/div>\n\t\t<\/div>\n\t\t\t\t\t\t<\/div>\n\t\t\t\t<div class=\"elementor-element elementor-element-16cca8e elementor-widget elementor-widget-image\" data-id=\"16cca8e\" data-element_type=\"widget\" data-widget_type=\"image.default\">\n\t\t\t\t\t\t\t\t\t\t\t\t\t\t\t<img loading=\"lazy\" decoding=\"async\" width=\"1440\" height=\"1536\" src=\"https:\/\/www.lafauconneriedeloise.fr\/wp-content\/uploads\/2025\/08\/Dessin-fauconnerie-de-lOise-6ff00dpi-1-1440x1536.jpg\" class=\"attachment-1536x1536 size-1536x1536 wp-image-72\" alt=\"\" srcset=\"https:\/\/www.lafauconneriedeloise.fr\/wp-content\/uploads\/2025\/08\/Dessin-fauconnerie-de-lOise-6ff00dpi-1-1440x1536.jpg 1440w, https:\/\/www.lafauconneriedeloise.fr\/wp-content\/uploads\/2025\/08\/Dessin-fauconnerie-de-lOise-6ff00dpi-1-281x300.jpg 281w, https:\/\/www.lafauconneriedeloise.fr\/wp-content\/uploads\/2025\/08\/Dessin-fauconnerie-de-lOise-6ff00dpi-1-960x1024.jpg 960w, https:\/\/www.lafauconneriedeloise.fr\/wp-content\/uploads\/2025\/08\/Dessin-fauconnerie-de-lOise-6ff00dpi-1-768x819.jpg 768w, https:\/\/www.lafauconneriedeloise.fr\/wp-content\/uploads\/2025\/08\/Dessin-fauconnerie-de-lOise-6ff00dpi-1-1920x2048.jpg 1920w\" sizes=\"(max-width: 1440px) 100vw, 1440px\" \/>\t\t\t\t\t\t\t\t\t\t\t\t\t\t\t<\/div>\n\t\t\t\t\t<\/div>\n\t\t\t\t<\/div>\n\t\t\t\t<\/div>\n\t\t","protected":false},"excerpt":{"rendered":"<p>La Fauconnerie de L&rsquo;Oise Une solution naturelle au service de l\u2019\u00e9quilibre Depuis 2018, La Fauconnerie de l\u2019Oise est la premi\u00e8re association de fauconnerie fond\u00e9e dans le d\u00e9partement. Elle rassemble un groupe de passionn\u00e9s venus d\u2019horizons vari\u00e9s ( \u00e9levage, spectacle, nature) unis par la m\u00eame vocation : mettre le savoir-faire ancestral de la fauconnerie au service [&hellip;]<\/p>\n","protected":false},"author":1,"featured_media":0,"parent":0,"menu_order":0,"comment_status":"closed","ping_status":"closed","template":"","meta":{"footnotes":""},"class_list":["post-15","page","type-page","status-publish","hentry"],"yoast_head":"<!-- This site is optimized with the Yoast SEO plugin v26.7 - https:\/\/yoast.com\/wordpress\/plugins\/seo\/ -->\n<title>Effarouchement professionnel dans l&#039;Oise Fauconnerie<\/title>\n<meta name=\"description\" content=\"Association experte en effarouchement dans l&#039;Oise et d\u00e9partements voisins. Fauconniers professionnels pour \u00e9loigner durablement les oiseaux et pr\u00e9server vos installations.\" \/>\n<meta name=\"robots\" content=\"index, follow, max-snippet:-1, max-image-preview:large, max-video-preview:-1\" \/>\n<link rel=\"canonical\" href=\"https:\/\/www.lafauconneriedeloise.fr\/\" \/>\n<meta property=\"og:locale\" content=\"fr_FR\" \/>\n<meta property=\"og:type\" content=\"article\" \/>\n<meta property=\"og:title\" content=\"Effarouchement professionnel dans l&#039;Oise Fauconnerie\" \/>\n<meta property=\"og:description\" content=\"Association experte en effarouchement dans l&#039;Oise et d\u00e9partements voisins. Fauconniers professionnels pour \u00e9loigner durablement les oiseaux et pr\u00e9server vos installations.\" \/>\n<meta property=\"og:url\" content=\"https:\/\/www.lafauconneriedeloise.fr\/\" \/>\n<meta property=\"article:publisher\" content=\"https:\/\/www.facebook.com\/fauconnerieoise\" \/>\n<meta property=\"article:modified_time\" content=\"2025-08-20T16:34:34+00:00\" \/>\n<meta property=\"og:image\" content=\"https:\/\/www.lafauconneriedeloise.fr\/wp-content\/uploads\/2025\/08\/56870070_408579723208762_7620419864653463552_n-Copie.jpg\" \/>\n\t<meta property=\"og:image:width\" content=\"2172\" \/>\n\t<meta property=\"og:image:height\" content=\"1080\" \/>\n\t<meta property=\"og:image:type\" content=\"image\/jpeg\" \/>\n<meta name=\"twitter:card\" content=\"summary_large_image\" \/>\n<meta name=\"twitter:label1\" content=\"Dur\u00e9e de lecture estim\u00e9e\" \/>\n\t<meta name=\"twitter:data1\" content=\"2 minutes\" \/>\n<script type=\"application\/ld+json\" class=\"yoast-schema-graph\">{\"@context\":\"https:\/\/schema.org\",\"@graph\":[{\"@type\":\"WebPage\",\"@id\":\"https:\/\/www.lafauconneriedeloise.fr\/\",\"url\":\"https:\/\/www.lafauconneriedeloise.fr\/\",\"name\":\"Effarouchement professionnel dans l'Oise Fauconnerie\",\"isPartOf\":{\"@id\":\"https:\/\/www.lafauconneriedeloise.fr\/#website\"},\"primaryImageOfPage\":{\"@id\":\"https:\/\/www.lafauconneriedeloise.fr\/#primaryimage\"},\"image\":{\"@id\":\"https:\/\/www.lafauconneriedeloise.fr\/#primaryimage\"},\"thumbnailUrl\":\"https:\/\/www.lafauconneriedeloise.fr\/wp-content\/uploads\/2025\/08\/56870070_408579723208762_7620419864653463552_n-Copie-1024x509.jpg\",\"datePublished\":\"2025-08-06T14:39:42+00:00\",\"dateModified\":\"2025-08-20T16:34:34+00:00\",\"description\":\"Association experte en effarouchement dans l'Oise et d\u00e9partements voisins. Fauconniers professionnels pour \u00e9loigner durablement les oiseaux et pr\u00e9server vos installations.\",\"inLanguage\":\"fr-FR\",\"potentialAction\":[{\"@type\":\"ReadAction\",\"target\":[\"https:\/\/www.lafauconneriedeloise.fr\/\"]}]},{\"@type\":\"ImageObject\",\"inLanguage\":\"fr-FR\",\"@id\":\"https:\/\/www.lafauconneriedeloise.fr\/#primaryimage\",\"url\":\"https:\/\/www.lafauconneriedeloise.fr\/wp-content\/uploads\/2025\/08\/56870070_408579723208762_7620419864653463552_n-Copie.jpg\",\"contentUrl\":\"https:\/\/www.lafauconneriedeloise.fr\/wp-content\/uploads\/2025\/08\/56870070_408579723208762_7620419864653463552_n-Copie.jpg\",\"width\":2172,\"height\":1080},{\"@type\":\"WebSite\",\"@id\":\"https:\/\/www.lafauconneriedeloise.fr\/#website\",\"url\":\"https:\/\/www.lafauconneriedeloise.fr\/\",\"name\":\"La Fauconnerie de L'Oise\",\"description\":\"\",\"publisher\":{\"@id\":\"https:\/\/www.lafauconneriedeloise.fr\/#organization\"},\"potentialAction\":[{\"@type\":\"SearchAction\",\"target\":{\"@type\":\"EntryPoint\",\"urlTemplate\":\"https:\/\/www.lafauconneriedeloise.fr\/?s={search_term_string}\"},\"query-input\":{\"@type\":\"PropertyValueSpecification\",\"valueRequired\":true,\"valueName\":\"search_term_string\"}}],\"inLanguage\":\"fr-FR\"},{\"@type\":\"Organization\",\"@id\":\"https:\/\/www.lafauconneriedeloise.fr\/#organization\",\"name\":\"La Fauconnerie de L'Oise\",\"url\":\"https:\/\/www.lafauconneriedeloise.fr\/\",\"logo\":{\"@type\":\"ImageObject\",\"inLanguage\":\"fr-FR\",\"@id\":\"https:\/\/www.lafauconneriedeloise.fr\/#\/schema\/logo\/image\/\",\"url\":\"https:\/\/www.lafauconneriedeloise.fr\/wp-content\/uploads\/2025\/08\/Logo-FDO.jpg\",\"contentUrl\":\"https:\/\/www.lafauconneriedeloise.fr\/wp-content\/uploads\/2025\/08\/Logo-FDO.jpg\",\"width\":263,\"height\":473,\"caption\":\"La Fauconnerie de L'Oise\"},\"image\":{\"@id\":\"https:\/\/www.lafauconneriedeloise.fr\/#\/schema\/logo\/image\/\"},\"sameAs\":[\"https:\/\/www.facebook.com\/fauconnerieoise\",\"https:\/\/www.instagram.com\/fauconnerie_de_loise\/\",\"https:\/\/www.tiktok.com\/@sylvainhornet\"]}]}<\/script>\n<!-- \/ Yoast SEO plugin. -->","yoast_head_json":{"title":"Effarouchement professionnel dans l'Oise Fauconnerie","description":"Association experte en effarouchement dans l'Oise et d\u00e9partements voisins. Fauconniers professionnels pour \u00e9loigner durablement les oiseaux et pr\u00e9server vos installations.","robots":{"index":"index","follow":"follow","max-snippet":"max-snippet:-1","max-image-preview":"max-image-preview:large","max-video-preview":"max-video-preview:-1"},"canonical":"https:\/\/www.lafauconneriedeloise.fr\/","og_locale":"fr_FR","og_type":"article","og_title":"Effarouchement professionnel dans l'Oise Fauconnerie","og_description":"Association experte en effarouchement dans l'Oise et d\u00e9partements voisins. Fauconniers professionnels pour \u00e9loigner durablement les oiseaux et pr\u00e9server vos installations.","og_url":"https:\/\/www.lafauconneriedeloise.fr\/","article_publisher":"https:\/\/www.facebook.com\/fauconnerieoise","article_modified_time":"2025-08-20T16:34:34+00:00","og_image":[{"width":2172,"height":1080,"url":"https:\/\/www.lafauconneriedeloise.fr\/wp-content\/uploads\/2025\/08\/56870070_408579723208762_7620419864653463552_n-Copie.jpg","type":"image\/jpeg"}],"twitter_card":"summary_large_image","twitter_misc":{"Dur\u00e9e de lecture estim\u00e9e":"2 minutes"},"schema":{"@context":"https:\/\/schema.org","@graph":[{"@type":"WebPage","@id":"https:\/\/www.lafauconneriedeloise.fr\/","url":"https:\/\/www.lafauconneriedeloise.fr\/","name":"Effarouchement professionnel dans l'Oise Fauconnerie","isPartOf":{"@id":"https:\/\/www.lafauconneriedeloise.fr\/#website"},"primaryImageOfPage":{"@id":"https:\/\/www.lafauconneriedeloise.fr\/#primaryimage"},"image":{"@id":"https:\/\/www.lafauconneriedeloise.fr\/#primaryimage"},"thumbnailUrl":"https:\/\/www.lafauconneriedeloise.fr\/wp-content\/uploads\/2025\/08\/56870070_408579723208762_7620419864653463552_n-Copie-1024x509.jpg","datePublished":"2025-08-06T14:39:42+00:00","dateModified":"2025-08-20T16:34:34+00:00","description":"Association experte en effarouchement dans l'Oise et d\u00e9partements voisins. Fauconniers professionnels pour \u00e9loigner durablement les oiseaux et pr\u00e9server vos installations.","inLanguage":"fr-FR","potentialAction":[{"@type":"ReadAction","target":["https:\/\/www.lafauconneriedeloise.fr\/"]}]},{"@type":"ImageObject","inLanguage":"fr-FR","@id":"https:\/\/www.lafauconneriedeloise.fr\/#primaryimage","url":"https:\/\/www.lafauconneriedeloise.fr\/wp-content\/uploads\/2025\/08\/56870070_408579723208762_7620419864653463552_n-Copie.jpg","contentUrl":"https:\/\/www.lafauconneriedeloise.fr\/wp-content\/uploads\/2025\/08\/56870070_408579723208762_7620419864653463552_n-Copie.jpg","width":2172,"height":1080},{"@type":"WebSite","@id":"https:\/\/www.lafauconneriedeloise.fr\/#website","url":"https:\/\/www.lafauconneriedeloise.fr\/","name":"La Fauconnerie de L'Oise","description":"","publisher":{"@id":"https:\/\/www.lafauconneriedeloise.fr\/#organization"},"potentialAction":[{"@type":"SearchAction","target":{"@type":"EntryPoint","urlTemplate":"https:\/\/www.lafauconneriedeloise.fr\/?s={search_term_string}"},"query-input":{"@type":"PropertyValueSpecification","valueRequired":true,"valueName":"search_term_string"}}],"inLanguage":"fr-FR"},{"@type":"Organization","@id":"https:\/\/www.lafauconneriedeloise.fr\/#organization","name":"La Fauconnerie de L'Oise","url":"https:\/\/www.lafauconneriedeloise.fr\/","logo":{"@type":"ImageObject","inLanguage":"fr-FR","@id":"https:\/\/www.lafauconneriedeloise.fr\/#\/schema\/logo\/image\/","url":"https:\/\/www.lafauconneriedeloise.fr\/wp-content\/uploads\/2025\/08\/Logo-FDO.jpg","contentUrl":"https:\/\/www.lafauconneriedeloise.fr\/wp-content\/uploads\/2025\/08\/Logo-FDO.jpg","width":263,"height":473,"caption":"La Fauconnerie de L'Oise"},"image":{"@id":"https:\/\/www.lafauconneriedeloise.fr\/#\/schema\/logo\/image\/"},"sameAs":["https:\/\/www.facebook.com\/fauconnerieoise","https:\/\/www.instagram.com\/fauconnerie_de_loise\/","https:\/\/www.tiktok.com\/@sylvainhornet"]}]}},"jetpack_sharing_enabled":true,"_links":{"self":[{"href":"https:\/\/www.lafauconneriedeloise.fr\/index.php\/wp-json\/wp\/v2\/pages\/15","targetHints":{"allow":["GET"]}}],"collection":[{"href":"https:\/\/www.lafauconneriedeloise.fr\/index.php\/wp-json\/wp\/v2\/pages"}],"about":[{"href":"https:\/\/www.lafauconneriedeloise.fr\/index.php\/wp-json\/wp\/v2\/types\/page"}],"author":[{"embeddable":true,"href":"https:\/\/www.lafauconneriedeloise.fr\/index.php\/wp-json\/wp\/v2\/users\/1"}],"replies":[{"embeddable":true,"href":"https:\/\/www.lafauconneriedeloise.fr\/index.php\/wp-json\/wp\/v2\/comments?post=15"}],"version-history":[{"count":126,"href":"https:\/\/www.lafauconneriedeloise.fr\/index.php\/wp-json\/wp\/v2\/pages\/15\/revisions"}],"predecessor-version":[{"id":271,"href":"https:\/\/www.lafauconneriedeloise.fr\/index.php\/wp-json\/wp\/v2\/pages\/15\/revisions\/271"}],"wp:attachment":[{"href":"https:\/\/www.lafauconneriedeloise.fr\/index.php\/wp-json\/wp\/v2\/media?parent=15"}],"curies":[{"name":"wp","href":"https:\/\/api.w.org\/{rel}","templated":true}]}}